{"id":1415,"date":"2025-11-25T19:31:39","date_gmt":"2025-11-25T19:31:39","guid":{"rendered":"https:\/\/curtavitoriaaminas.com.br\/iv\/?page_id=1415"},"modified":"2025-11-26T15:12:18","modified_gmt":"2025-11-26T15:12:18","slug":"historias-e-autores","status":"publish","type":"page","link":"https:\/\/curtavitoriaaminas.com.br\/iv\/historias-e-autores\/","title":{"rendered":"Hist\u00f3rias, autoras e autores"},"content":{"rendered":"\n<div class=\"wp-block-uagb-container uagb-block-0b06d2a6 alignfull uagb-is-root-container\"><div class=\"uagb-container-inner-blocks-wrap\">\n<div class=\"wp-block-uagb-container uagb-block-11a8e0f9\">\n<figure class=\"wp-block-image size-large has-custom-border\"><img fetchpriority=\"high\" decoding=\"async\" width=\"1024\" height=\"683\" src=\"http:\/\/curtavitoriaaminas.com.br\/iv\/wp-content\/uploads\/24NOV25_CVM-IV-9-1024x683.jpg\" alt=\"\" class=\"wp-image-1347\" style=\"border-radius:10px;aspect-ratio:1;object-fit:cover\" srcset=\"https:\/\/curtavitoriaaminas.com.br\/iv\/wp-content\/uploads\/24NOV25_CVM-IV-9-1024x683.jpg 1024w, https:\/\/curtavitoriaaminas.com.br\/iv\/wp-content\/uploads\/24NOV25_CVM-IV-9-300x200.jpg 300w, https:\/\/curtavitoriaaminas.com.br\/iv\/wp-content\/uploads\/24NOV25_CVM-IV-9-768x512.jpg 768w, https:\/\/curtavitoriaaminas.com.br\/iv\/wp-content\/uploads\/24NOV25_CVM-IV-9-1536x1024.jpg 1536w, https:\/\/curtavitoriaaminas.com.br\/iv\/wp-content\/uploads\/24NOV25_CVM-IV-9-2048x1365.jpg 2048w\" sizes=\"(max-width: 1024px) 100vw, 1024px\" \/><\/figure>\n\n\n\n<h2 class=\"wp-block-heading has-accent-5-color has-text-color has-link-color wp-elements-d081631e2005801132940eeabe8f5571\" style=\"margin-top:0;margin-bottom:0px\">Julyta e o Zeppelin<\/h2>\n\n\n\n<div class=\"wp-block-uagb-advanced-heading uagb-block-5a2280d5\"><h3 class=\"uagb-heading-text\">Geremias Pignaton<\/h3><\/div>\n\n\n\n<div class=\"wp-block-uagb-advanced-heading uagb-block-6caec479\"><h5 class=\"uagb-heading-text\">sERVIDOR P\u00daBLICO APOSENTADO<br>Ibira\u00e7u\/ES<\/h5><\/div>\n<\/div>\n\n\n\n<div class=\"wp-block-uagb-container uagb-block-2ef1d4ef\">\n<figure class=\"wp-block-image size-large has-custom-border\"><img decoding=\"async\" width=\"1024\" height=\"683\" src=\"http:\/\/curtavitoriaaminas.com.br\/iv\/wp-content\/uploads\/24NOV25_CVM-IV-10-1024x683.jpg\" alt=\"\" class=\"wp-image-1348\" style=\"border-radius:10px;aspect-ratio:1;object-fit:cover\" srcset=\"https:\/\/curtavitoriaaminas.com.br\/iv\/wp-content\/uploads\/24NOV25_CVM-IV-10-1024x683.jpg 1024w, https:\/\/curtavitoriaaminas.com.br\/iv\/wp-content\/uploads\/24NOV25_CVM-IV-10-300x200.jpg 300w, https:\/\/curtavitoriaaminas.com.br\/iv\/wp-content\/uploads\/24NOV25_CVM-IV-10-768x512.jpg 768w, https:\/\/curtavitoriaaminas.com.br\/iv\/wp-content\/uploads\/24NOV25_CVM-IV-10-1536x1024.jpg 1536w, https:\/\/curtavitoriaaminas.com.br\/iv\/wp-content\/uploads\/24NOV25_CVM-IV-10-2048x1365.jpg 2048w\" sizes=\"(max-width: 1024px) 100vw, 1024px\" \/><\/figure>\n\n\n\n<h2 class=\"wp-block-heading has-accent-5-color has-text-color has-link-color wp-elements-bcf04a1cd49ca9e9c294d7b45f803e84\" style=\"margin-top:0;margin-bottom:0px\">Invent\u00e1rio da Inf\u00e2ncia<\/h2>\n\n\n\n<div class=\"wp-block-uagb-advanced-heading uagb-block-c9428cf1\"><h3 class=\"uagb-heading-text\">Helder Guastti da Silva<\/h3><\/div>\n\n\n\n<div class=\"wp-block-uagb-advanced-heading uagb-block-70418e0a\"><h5 class=\"uagb-heading-text\">professor<br>jO\u00c3O nEIVA\/ES<\/h5><\/div>\n<\/div>\n\n\n\n<div class=\"wp-block-uagb-container uagb-block-7c8b96ae\">\n<figure class=\"wp-block-image size-large has-custom-border\"><img decoding=\"async\" width=\"1024\" height=\"683\" src=\"http:\/\/curtavitoriaaminas.com.br\/iv\/wp-content\/uploads\/24NOV25_CVM-IV-2-1-1024x683.jpg\" alt=\"\" class=\"wp-image-1432\" style=\"border-radius:10px;aspect-ratio:1;object-fit:cover\" srcset=\"https:\/\/curtavitoriaaminas.com.br\/iv\/wp-content\/uploads\/24NOV25_CVM-IV-2-1-1024x683.jpg 1024w, https:\/\/curtavitoriaaminas.com.br\/iv\/wp-content\/uploads\/24NOV25_CVM-IV-2-1-300x200.jpg 300w, https:\/\/curtavitoriaaminas.com.br\/iv\/wp-content\/uploads\/24NOV25_CVM-IV-2-1-768x512.jpg 768w, https:\/\/curtavitoriaaminas.com.br\/iv\/wp-content\/uploads\/24NOV25_CVM-IV-2-1-1536x1024.jpg 1536w, https:\/\/curtavitoriaaminas.com.br\/iv\/wp-content\/uploads\/24NOV25_CVM-IV-2-1-2048x1365.jpg 2048w\" sizes=\"(max-width: 1024px) 100vw, 1024px\" \/><\/figure>\n\n\n\n<h2 class=\"wp-block-heading has-accent-5-color has-text-color has-link-color wp-elements-ee027408c3487651c881d74307f96657\" style=\"margin-top:0;margin-bottom:0px\">Uma Viagem\u2026 Minha Parte da Hist\u00f3ria<\/h2>\n\n\n\n<div class=\"wp-block-uagb-advanced-heading uagb-block-b492665a\"><h3 class=\"uagb-heading-text\">T\u00e2nia Reis<\/h3><\/div>\n\n\n\n<div class=\"wp-block-uagb-advanced-heading uagb-block-0a4dbd49\"><h5 class=\"uagb-heading-text\">professor<br>Aimor\u00e9s\/MG<\/h5><\/div>\n<\/div>\n\n\n\n<div class=\"wp-block-uagb-container uagb-block-169b1f0a\">\n<figure class=\"wp-block-image size-large has-custom-border\"><img loading=\"lazy\" decoding=\"async\" width=\"1024\" height=\"683\" src=\"http:\/\/curtavitoriaaminas.com.br\/iv\/wp-content\/uploads\/24NOV25_CVM-IV-8-1024x683.jpg\" alt=\"\" class=\"wp-image-1345\" style=\"border-radius:10px;aspect-ratio:1;object-fit:cover\" srcset=\"https:\/\/curtavitoriaaminas.com.br\/iv\/wp-content\/uploads\/24NOV25_CVM-IV-8-1024x683.jpg 1024w, https:\/\/curtavitoriaaminas.com.br\/iv\/wp-content\/uploads\/24NOV25_CVM-IV-8-300x200.jpg 300w, https:\/\/curtavitoriaaminas.com.br\/iv\/wp-content\/uploads\/24NOV25_CVM-IV-8-768x512.jpg 768w, https:\/\/curtavitoriaaminas.com.br\/iv\/wp-content\/uploads\/24NOV25_CVM-IV-8-1536x1024.jpg 1536w, https:\/\/curtavitoriaaminas.com.br\/iv\/wp-content\/uploads\/24NOV25_CVM-IV-8-2048x1365.jpg 2048w\" sizes=\"(max-width: 1024px) 100vw, 1024px\" \/><\/figure>\n\n\n\n<h2 class=\"wp-block-heading has-accent-5-color has-text-color has-link-color wp-elements-7e031e921af2515e99301b63bd369ec6\" style=\"margin-top:0;margin-bottom:0px\">Perdidos no Jardim<\/h2>\n\n\n\n<div class=\"wp-block-uagb-advanced-heading uagb-block-444f1b32\"><h3 class=\"uagb-heading-text\">Lucia Elena<\/h3><\/div>\n\n\n\n<div class=\"wp-block-uagb-advanced-heading uagb-block-f5326765\"><h5 class=\"uagb-heading-text\">POLICIAL MILITAR Aposentada<br>Conselheiro Pena\/MG<\/h5><\/div>\n<\/div>\n<\/div><\/div>\n\n\n\n<div class=\"wp-block-uagb-container uagb-block-c58df8bb alignfull uagb-is-root-container\"><div class=\"uagb-container-inner-blocks-wrap\">\n<div class=\"wp-block-uagb-container uagb-block-d55faad7\">\n<figure class=\"wp-block-image size-large has-custom-border\"><img loading=\"lazy\" decoding=\"async\" width=\"1024\" height=\"683\" src=\"http:\/\/curtavitoriaaminas.com.br\/iv\/wp-content\/uploads\/24NOV25_CVM-IV-16-1024x683.jpg\" alt=\"\" class=\"wp-image-1330\" style=\"border-radius:10px;aspect-ratio:1;object-fit:cover\" srcset=\"https:\/\/curtavitoriaaminas.com.br\/iv\/wp-content\/uploads\/24NOV25_CVM-IV-16-1024x683.jpg 1024w, https:\/\/curtavitoriaaminas.com.br\/iv\/wp-content\/uploads\/24NOV25_CVM-IV-16-300x200.jpg 300w, https:\/\/curtavitoriaaminas.com.br\/iv\/wp-content\/uploads\/24NOV25_CVM-IV-16-768x512.jpg 768w, https:\/\/curtavitoriaaminas.com.br\/iv\/wp-content\/uploads\/24NOV25_CVM-IV-16-1536x1024.jpg 1536w, https:\/\/curtavitoriaaminas.com.br\/iv\/wp-content\/uploads\/24NOV25_CVM-IV-16-2048x1365.jpg 2048w\" sizes=\"(max-width: 1024px) 100vw, 1024px\" \/><\/figure>\n\n\n\n<h2 class=\"wp-block-heading has-accent-5-color has-text-color has-link-color wp-elements-1c643ca0a35b18a96e72d6437b5e85cb\" style=\"margin-top:0;margin-bottom:0px\">Aventuras nos campos, matas, ribeiros, lagoas e o apito do trem<\/h2>\n\n\n\n<div class=\"wp-block-uagb-advanced-heading uagb-block-2ca674da\"><h3 class=\"uagb-heading-text\">Maria da Concei\u00e7\u00e3o Costa<\/h3><\/div>\n\n\n\n<div class=\"wp-block-uagb-advanced-heading uagb-block-eb25dd3b\"><h5 class=\"uagb-heading-text\">auxiliar de limpeza<br>Belo Oriente\/MG<\/h5><\/div>\n<\/div>\n\n\n\n<div class=\"wp-block-uagb-container uagb-block-ae9a8a5c\">\n<figure class=\"wp-block-image size-large has-custom-border\"><img loading=\"lazy\" decoding=\"async\" width=\"1024\" height=\"683\" src=\"http:\/\/curtavitoriaaminas.com.br\/iv\/wp-content\/uploads\/24NOV25_CVM-IV-3-1024x683.jpg\" alt=\"\" class=\"wp-image-1339\" style=\"border-radius:10px;aspect-ratio:1;object-fit:cover\" srcset=\"https:\/\/curtavitoriaaminas.com.br\/iv\/wp-content\/uploads\/24NOV25_CVM-IV-3-1024x683.jpg 1024w, https:\/\/curtavitoriaaminas.com.br\/iv\/wp-content\/uploads\/24NOV25_CVM-IV-3-300x200.jpg 300w, https:\/\/curtavitoriaaminas.com.br\/iv\/wp-content\/uploads\/24NOV25_CVM-IV-3-768x512.jpg 768w, https:\/\/curtavitoriaaminas.com.br\/iv\/wp-content\/uploads\/24NOV25_CVM-IV-3-1536x1024.jpg 1536w, https:\/\/curtavitoriaaminas.com.br\/iv\/wp-content\/uploads\/24NOV25_CVM-IV-3-2048x1365.jpg 2048w\" sizes=\"(max-width: 1024px) 100vw, 1024px\" \/><\/figure>\n\n\n\n<h2 class=\"wp-block-heading has-accent-5-color has-text-color has-link-color wp-elements-9b8abe0d3353fbc57f5175eb84bbc08a\" style=\"margin-top:0;margin-bottom:0px\">Eu Sou \u00e9 Eu Mesma<\/h2>\n\n\n\n<div class=\"wp-block-uagb-advanced-heading uagb-block-f28e64e2\"><h3 class=\"uagb-heading-text\">Poliana Ara\u00fajo Guerra<\/h3><\/div>\n\n\n\n<div class=\"wp-block-uagb-advanced-heading uagb-block-ec4ecba2\"><h5 class=\"uagb-heading-text\">Jornalista<br>Nova Era\/MG<\/h5><\/div>\n<\/div>\n\n\n\n<div class=\"wp-block-uagb-container uagb-block-fdf5565e\">\n<figure class=\"wp-block-image size-large has-custom-border\"><img loading=\"lazy\" decoding=\"async\" width=\"1024\" height=\"683\" src=\"http:\/\/curtavitoriaaminas.com.br\/iv\/wp-content\/uploads\/24NOV25_CVM-IV-3-1024x683.jpeg\" alt=\"\" class=\"wp-image-1338\" style=\"border-radius:10px;aspect-ratio:1;object-fit:cover\" srcset=\"https:\/\/curtavitoriaaminas.com.br\/iv\/wp-content\/uploads\/24NOV25_CVM-IV-3-1024x683.jpeg 1024w, https:\/\/curtavitoriaaminas.com.br\/iv\/wp-content\/uploads\/24NOV25_CVM-IV-3-300x200.jpeg 300w, https:\/\/curtavitoriaaminas.com.br\/iv\/wp-content\/uploads\/24NOV25_CVM-IV-3-768x512.jpeg 768w, https:\/\/curtavitoriaaminas.com.br\/iv\/wp-content\/uploads\/24NOV25_CVM-IV-3-1536x1024.jpeg 1536w, https:\/\/curtavitoriaaminas.com.br\/iv\/wp-content\/uploads\/24NOV25_CVM-IV-3-2048x1365.jpeg 2048w\" sizes=\"(max-width: 1024px) 100vw, 1024px\" \/><\/figure>\n\n\n\n<h2 class=\"wp-block-heading has-accent-5-color has-text-color has-link-color wp-elements-ec18012b139bd9d70b5fed6f526eac05\" style=\"margin-top:0;margin-bottom:0px\">Pedro Al\u00e9m de Alc\u00e2ntara<\/h2>\n\n\n\n<div class=\"wp-block-uagb-advanced-heading uagb-block-729569a3\"><h3 class=\"uagb-heading-text\">Miriam Mercedes Firmo<\/h3><\/div>\n\n\n\n<div class=\"wp-block-uagb-advanced-heading uagb-block-b6185f63\"><h5 class=\"uagb-heading-text\">Produtora Cultural<br>Jo\u00e3o Monlevade\/MG<\/h5><\/div>\n<\/div>\n<\/div><\/div>\n","protected":false},"excerpt":{"rendered":"<p>Julyta e o Zeppelin Geremias Pignaton sERVIDOR P\u00daBLICO APOSENTADOIbira\u00e7u\/ES Invent\u00e1rio da Inf\u00e2ncia Helder Guastti da Silva professorjO\u00c3O nEIVA\/ES Uma Viagem\u2026 Minha Parte da Hist\u00f3ria T\u00e2nia Reis professorAimor\u00e9s\/MG Perdidos no Jardim Lucia Elena POLICIAL MILITAR AposentadaConselheiro Pena\/MG Aventuras nos campos, matas, ribeiros, lagoas e o apito do trem Maria da Concei\u00e7\u00e3o Costa auxiliar de limpezaBelo Oriente\/MG [&hellip;]<\/p>\n","protected":false},"author":1,"featured_media":0,"parent":0,"menu_order":0,"comment_status":"closed","ping_status":"closed","template":"","meta":{"_acf_changed":false,"_uag_custom_page_level_css":"","ngg_post_thumbnail":0,"footnotes":""},"class_list":["post-1415","page","type-page","status-publish","hentry"],"acf":[],"aioseo_notices":[],"uagb_featured_image_src":{"full":false,"thumbnail":false,"medium":false,"medium_large":false,"large":false,"1536x1536":false,"2048x2048":false},"uagb_author_info":{"display_name":"cvmiv_donadosite","author_link":"https:\/\/curtavitoriaaminas.com.br\/iv\/author\/cvmiv_donadosite\/"},"uagb_comment_info":0,"uagb_excerpt":"Julyta e o Zeppelin Geremias Pignaton sERVIDOR P\u00daBLICO APOSENTADOIbira\u00e7u\/ES Invent\u00e1rio da Inf\u00e2ncia Helder Guastti da Silva professorjO\u00c3O nEIVA\/ES Uma Viagem\u2026 Minha Parte da Hist\u00f3ria T\u00e2nia Reis professorAimor\u00e9s\/MG Perdidos no Jardim Lucia Elena POLICIAL MILITAR AposentadaConselheiro Pena\/MG Aventuras nos campos, matas, ribeiros, lagoas e o apito do trem Maria da Concei\u00e7\u00e3o Costa auxiliar de limpezaBelo Oriente\/MG&hellip;","_links":{"self":[{"href":"https:\/\/curtavitoriaaminas.com.br\/iv\/wp-json\/wp\/v2\/pages\/1415","targetHints":{"allow":["GET"]}}],"collection":[{"href":"https:\/\/curtavitoriaaminas.com.br\/iv\/wp-json\/wp\/v2\/pages"}],"about":[{"href":"https:\/\/curtavitoriaaminas.com.br\/iv\/wp-json\/wp\/v2\/types\/page"}],"author":[{"embeddable":true,"href":"https:\/\/curtavitoriaaminas.com.br\/iv\/wp-json\/wp\/v2\/users\/1"}],"replies":[{"embeddable":true,"href":"https:\/\/curtavitoriaaminas.com.br\/iv\/wp-json\/wp\/v2\/comments?post=1415"}],"version-history":[{"count":27,"href":"https:\/\/curtavitoriaaminas.com.br\/iv\/wp-json\/wp\/v2\/pages\/1415\/revisions"}],"predecessor-version":[{"id":1554,"href":"https:\/\/curtavitoriaaminas.com.br\/iv\/wp-json\/wp\/v2\/pages\/1415\/revisions\/1554"}],"wp:attachment":[{"href":"https:\/\/curtavitoriaaminas.com.br\/iv\/wp-json\/wp\/v2\/media?parent=1415"}],"curies":[{"name":"wp","href":"https:\/\/api.w.org\/{rel}","templated":true}]}}