{"id":1371,"date":"2025-11-25T18:08:56","date_gmt":"2025-11-25T18:08:56","guid":{"rendered":"https:\/\/curtavitoriaaminas.com.br\/iv\/?page_id=1371"},"modified":"2025-12-02T16:47:37","modified_gmt":"2025-12-02T16:47:37","slug":"oficinas","status":"publish","type":"page","link":"https:\/\/curtavitoriaaminas.com.br\/iv\/oficinas\/","title":{"rendered":"Oficinas"},"content":{"rendered":"\n<p>De 23 de novembro a 7 de dezembro acontece, em Vit\u00f3ria\/ES, o ciclo de oficinas audiovisuais com profissionais do cinema que orientam os participantes desta edi\u00e7\u00e3o.<\/p>\n\n\n\n<div style=\"height:50px\" aria-hidden=\"true\" class=\"wp-block-spacer\"><\/div>\n\n\n\n<div class=\"wp-block-uagb-buttons uagb-buttons__outer-wrap uagb-btn__default-btn uagb-btn-tablet__default-btn uagb-btn-mobile__default-btn uagb-block-e393220b\"><div class=\"uagb-buttons__wrap uagb-buttons-layout-wrap \">\n<div class=\"wp-block-uagb-buttons-child uagb-buttons__outer-wrap uagb-block-cec8d8a2 wp-block-button\"><div class=\"uagb-button__wrapper\"><a class=\"uagb-buttons-repeater wp-block-button__link\" aria-label=\"\" href=\"https:\/\/curtavitoriaaminas.com.br\/iv\/diario-de-bordo\" rel=\"follow noopener\" target=\"_self\" role=\"button\"><div class=\"uagb-button__link\">Acompanhe o di\u00e1rio de bordo<\/div><\/a><\/div><\/div>\n<\/div><\/div>\n\n\n\n<div style=\"height:53px\" aria-hidden=\"true\" class=\"wp-block-spacer\"><\/div>\n\n\n\n<div class=\"wp-block-uagb-advanced-heading uagb-block-620526b2\"><h2 class=\"uagb-heading-text\">Professores<\/h2><\/div>\n\n\n\n<div style=\"height:43px\" aria-hidden=\"true\" class=\"wp-block-spacer\"><\/div>\n\n\n\n<div class=\"wp-block-uagb-container uagb-block-11856319 alignwide uagb-is-root-container\">\n<div class=\"wp-block-uagb-container uagb-block-75dfa080\">\n<figure class=\"wp-block-image size-large has-custom-border\"><img fetchpriority=\"high\" decoding=\"async\" width=\"1024\" height=\"683\" src=\"http:\/\/curtavitoriaaminas.com.br\/iv\/wp-content\/uploads\/24NOV25_CVM-IV-5-1024x683.jpeg\" alt=\"\" class=\"wp-image-1341\" style=\"border-radius:10px\" srcset=\"https:\/\/curtavitoriaaminas.com.br\/iv\/wp-content\/uploads\/24NOV25_CVM-IV-5-1024x683.jpeg 1024w, https:\/\/curtavitoriaaminas.com.br\/iv\/wp-content\/uploads\/24NOV25_CVM-IV-5-300x200.jpeg 300w, https:\/\/curtavitoriaaminas.com.br\/iv\/wp-content\/uploads\/24NOV25_CVM-IV-5-768x512.jpeg 768w, https:\/\/curtavitoriaaminas.com.br\/iv\/wp-content\/uploads\/24NOV25_CVM-IV-5-1536x1024.jpeg 1536w, https:\/\/curtavitoriaaminas.com.br\/iv\/wp-content\/uploads\/24NOV25_CVM-IV-5-2048x1365.jpeg 2048w\" sizes=\"(max-width: 1024px) 100vw, 1024px\" \/><\/figure>\n<\/div>\n\n\n\n<div class=\"wp-block-uagb-container uagb-block-61379b8f\">\n<div class=\"wp-block-uagb-advanced-heading uagb-block-8560d495\"><h2 class=\"uagb-heading-text\"><strong>Beth Formaggini <\/strong><\/h2><\/div>\n\n\n\n<div class=\"wp-block-uagb-advanced-heading uagb-block-19957185\"><h3 class=\"uagb-heading-text\"><strong>Roteiro e dire\u00e7\u00e3o<\/strong> para document\u00e1rio<\/h3><\/div>\n\n\n\n<p class=\"has-medium-font-size\">Documentarista, produtora e pesquisadora audiovisual. Historiadora pela Universidade Federal Fluminense, fez especializa\u00e7\u00e3o em \u201cDocument\u00e1rio e Pesquisa Audiovisual\u201d, na Universidade de Roma. Diretora da 4Ventos que soma dezenas de trabalhos audiovisuais premiados em Festivais Nacionais e Internacionais. Curadora do Cine Armaz\u00e9m, lan\u00e7ou em 2023 a s\u00e9rie \u201cMem\u00f3ria da M\u00eddia\u201d no Cinebrasiltv. Em mar\u00e7o de 2020 lan\u00e7ou a s\u00e9rie \u201cSopro\u201d no Canal Curta. Em 2019 lan\u00e7ou nos cinemas, Canal Brasil e em VOD o longa \u201cPastor Cl\u00e1udio\u201d, vencedor do Festival de Vit\u00f3ria. Em 2007 dirigiu e produziu o longa \u201cMem\u00f3ria para Uso Di\u00e1rio\u201d, premiado pelo J\u00fari Popular do Festival do Rio. Em 2015 realizou \u201cXingu Cariri Caruaru Carioca\u201d, o melhor filme do 8\u00ba Festival In-Edit Brasil e lan\u00e7ado nos cinemas, TV e Streaming. O curta \u201cUma Fam\u00edlia Ilustre\u201d venceu o Grande Pr\u00eamio do Cinema Brasileiro com pr\u00eamios em mais 15 festivais nacionais e internacionais. Em 2010 realizou \u201cAngeli 24 horas\u201d, com 12 pr\u00eamios. Produziu e dirigiu os m\u00e9dias \u201cCidades Invis\u00edveis\u201d, \u201cN\u00f3s Somos um Poema\u201d e \u201cNobreza Popular\u201d. Em coprodu\u00e7\u00e3o com o Canal Brasil produziu a S\u00e9rie.doc sobre v\u00e1rios cineastas com os quais colaborou como Eduardo Coutinho, com quem realizou o document\u00e1rio \u201cApartamento 608\u201d.<\/p>\n<\/div>\n<\/div>\n\n\n\n<div style=\"height:100px\" aria-hidden=\"true\" class=\"wp-block-spacer\"><\/div>\n\n\n\n<div class=\"wp-block-uagb-container uagb-block-73f67131 alignwide uagb-is-root-container\">\n<div class=\"wp-block-uagb-container uagb-block-1e7ef882\">\n<figure class=\"wp-block-image size-large has-custom-border\"><img decoding=\"async\" width=\"1024\" height=\"683\" src=\"http:\/\/curtavitoriaaminas.com.br\/iv\/wp-content\/uploads\/24NOV25_CVM-IV-27-1024x683.jpg\" alt=\"\" class=\"wp-image-1325\" style=\"border-radius:10px\" srcset=\"https:\/\/curtavitoriaaminas.com.br\/iv\/wp-content\/uploads\/24NOV25_CVM-IV-27-1024x683.jpg 1024w, https:\/\/curtavitoriaaminas.com.br\/iv\/wp-content\/uploads\/24NOV25_CVM-IV-27-300x200.jpg 300w, https:\/\/curtavitoriaaminas.com.br\/iv\/wp-content\/uploads\/24NOV25_CVM-IV-27-768x512.jpg 768w, https:\/\/curtavitoriaaminas.com.br\/iv\/wp-content\/uploads\/24NOV25_CVM-IV-27-1536x1024.jpg 1536w, https:\/\/curtavitoriaaminas.com.br\/iv\/wp-content\/uploads\/24NOV25_CVM-IV-27-2048x1365.jpg 2048w\" sizes=\"(max-width: 1024px) 100vw, 1024px\" \/><\/figure>\n<\/div>\n\n\n\n<div class=\"wp-block-uagb-container uagb-block-a42e6b43\">\n<div class=\"wp-block-uagb-advanced-heading uagb-block-c7dd88ba\"><h2 class=\"uagb-heading-text\"><strong><strong>Lulu Corr\u00eaa<\/strong><\/strong><\/h2><\/div>\n\n\n\n<div class=\"wp-block-uagb-advanced-heading uagb-block-3c1d317c\"><h3 class=\"uagb-heading-text\"><strong>Roteiro e dire\u00e7\u00e3o<\/strong> para fic\u00e7\u00e3o<\/h3><\/div>\n\n\n\n<p class=\"has-medium-font-size\">Formada em Cinema pela Universidade Federal Fluminense. Escreveu e dirigiu os document\u00e1rios \u201cCarvana\u201d, \u201cComo se Morre no Cinema\u201d (Sol de Oro no Festival de Biarritz e vencedor de 11 pr\u00eamios nacionais), \u201cA Cidade e o Poeta\u201d, \u201cMachado de Assis\u201d, \u201cRio, \u201c39,6 Graus\u201d e \u201cQuarentena\u201d. Montadora e assistente de dire\u00e7\u00e3o, trabalhou com Nelson Pereira dos Santos desde o filme \u201cMem\u00f3rias do C\u00e1rcere\u201d. Assina a montagem de \u201cA M\u00fasica Segundo Tom Jobim\u201d. Foi diretora assistente nos filmes de Hugo Carvana, com quem trabalhou desde \u201cO Homem Nu\u201d. Recebeu pr\u00eamio de Melhor Montagem pelos filmes \u201c\u00c1urea\u201d, de Zeca Ferreira, \u201cO Quinze\u201d, de Jurandir Oliveira, e \u201cRio de Mem\u00f3rias\u201d, de Jos\u00e9 In\u00e1cio Parente. Atuou como orientadora de roteiro no Revelando os Brasis, no Projeto Anima\u00e7\u00e3o e no Curta Vit\u00f3ria a Minas, projetos desenvolvidos pelo Instituto Marlin Azul.<\/p>\n<\/div>\n<\/div>\n\n\n\n<div style=\"height:100px\" aria-hidden=\"true\" class=\"wp-block-spacer\"><\/div>\n\n\n\n<div class=\"wp-block-uagb-container uagb-block-636de8a5 alignwide uagb-is-root-container\">\n<div class=\"wp-block-uagb-container uagb-block-4b939c77\">\n<figure class=\"wp-block-image size-full has-custom-border\"><img decoding=\"async\" width=\"1024\" height=\"683\" src=\"http:\/\/curtavitoriaaminas.com.br\/iv\/wp-content\/uploads\/Marcia-Medeiros-3.jpg\" alt=\"\" class=\"wp-image-1382\" style=\"border-radius:10px\" srcset=\"https:\/\/curtavitoriaaminas.com.br\/iv\/wp-content\/uploads\/Marcia-Medeiros-3.jpg 1024w, https:\/\/curtavitoriaaminas.com.br\/iv\/wp-content\/uploads\/Marcia-Medeiros-3-300x200.jpg 300w, https:\/\/curtavitoriaaminas.com.br\/iv\/wp-content\/uploads\/Marcia-Medeiros-3-768x512.jpg 768w\" sizes=\"(max-width: 1024px) 100vw, 1024px\" \/><\/figure>\n<\/div>\n\n\n\n<div class=\"wp-block-uagb-container uagb-block-691eb47d\">\n<div class=\"wp-block-uagb-advanced-heading uagb-block-08d3f139\"><h2 class=\"uagb-heading-text\"><strong><strong><strong>Marcia Medeiros <\/strong><\/strong><\/strong><\/h2><\/div>\n\n\n\n<div class=\"wp-block-uagb-advanced-heading uagb-block-abaa356e\"><h3 class=\"uagb-heading-text\"><strong>Edi\u00e7\u00e3o<\/strong><\/h3><\/div>\n\n\n\n<p class=\"has-medium-font-size\">Mestre em Cinema pelo PPGCine-UFF e esquizoanalista. Trabalha na \u00e1rea de audiovisual desde a d\u00e9cada de 90 como diretora e editora. Editou diversas s\u00e9ries para a TV como V\u00edtimas Digitais e Liberdade de G\u00eanero (de Jo\u00e3o Jardim &#8211; GNT), The Voice Kids (Rede Globo), Que Marravilha! (GNT). Dirigiu as s\u00e9ries o Bom Jeitinho Brasileiro (Canal Futura), Capoeira no Mundo (TV Brasil) e Globo Ci\u00eancia (Rede Globo). Realizou v\u00eddeos institucionais para o Minist\u00e9rio da Sa\u00fade e para as empresas Icatu-Hartford e Vale, entre outras. Dirigiu e editou videoclipes e videoartes sobre diversos artistas como Pedro Luis, Anna Ratto, Iole de Freitas e Cildo Meireles. \u00c9 colaboradora em projetos formativos de interlocu\u00e7\u00e3o entre Cinema, Educa\u00e7\u00e3o e Pr\u00e1ticas de Cuidado: Revelando os Brasis &#8211; MINC-IMA (2004 a 2018); Curta Vit\u00f3ria a Minas &#8211; Instituto Cultural Vale e IMA; Cinequilombola &#8211; IMA \u2013 ES; e Cinemar &#8211; Casa Jangada-RJ. \u00c9 associada \u00e0 Associa\u00e7\u00e3o de Profissionais de Edi\u00e7\u00e3o Audiovisual (Edt.) e \u00e0 Associa\u00e7\u00e3o Livre em Esquizoan\u00e1lise (ALEA).<\/p>\n<\/div>\n<\/div>\n\n\n\n<div style=\"height:100px\" aria-hidden=\"true\" class=\"wp-block-spacer\"><\/div>\n\n\n\n<div class=\"wp-block-uagb-container uagb-block-04deae9f alignwide uagb-is-root-container\">\n<div class=\"wp-block-uagb-container uagb-block-9cdaa22b\">\n<figure class=\"wp-block-image size-full has-custom-border\"><img loading=\"lazy\" decoding=\"async\" width=\"1024\" height=\"683\" src=\"http:\/\/curtavitoriaaminas.com.br\/iv\/wp-content\/uploads\/Ana-Paula-Cardoso.jpg\" alt=\"\" class=\"wp-image-1380\" style=\"border-radius:10px\" srcset=\"https:\/\/curtavitoriaaminas.com.br\/iv\/wp-content\/uploads\/Ana-Paula-Cardoso.jpg 1024w, https:\/\/curtavitoriaaminas.com.br\/iv\/wp-content\/uploads\/Ana-Paula-Cardoso-300x200.jpg 300w, https:\/\/curtavitoriaaminas.com.br\/iv\/wp-content\/uploads\/Ana-Paula-Cardoso-768x512.jpg 768w\" sizes=\"(max-width: 1024px) 100vw, 1024px\" \/><\/figure>\n<\/div>\n\n\n\n<div class=\"wp-block-uagb-container uagb-block-d3b7658c\">\n<div class=\"wp-block-uagb-advanced-heading uagb-block-f2e7a157\"><h2 class=\"uagb-heading-text\"><strong><strong><strong><strong>Ana Paula Cardoso<\/strong> <\/strong><\/strong><\/strong><\/h2><\/div>\n\n\n\n<div class=\"wp-block-uagb-advanced-heading uagb-block-7e7ddb67\"><h3 class=\"uagb-heading-text\"><strong><strong>Dire\u00e7\u00e3o de arte<\/strong><\/strong><\/h3><\/div>\n\n\n\n<p class=\"has-medium-font-size\">Respons\u00e1vel pela dire\u00e7\u00e3o de arte dos longas \u201cEnterre seus Mortos\u201d de Marco Dutra &#8211; RT Features\/Globoplay; \u201cBarba Ensopada de Sangue\u201d de Aly Muritiba &#8211; RT Features\/Globoplay; \u201cPraia Formosa\u201d de Julia de Simone (Pr\u00eamio de Melhor Dire\u00e7\u00e3o de Arte no Olhar Internacional de Cinema de Curitiba 2024) &#8211; Anavilhanas\/Mirada Filmes; \u201cA Febre\u201d de Maya Da- Rin (Indicada ao Grande Pr\u00eamio do Cinema Brasileiro 2021 de Melhor Dire\u00e7\u00e3o de Arte) &#8211; Enquadramento\/Tamandu\u00e1 Vermelho; \u201cAlem\u00e3o II\u201d de Jos\u00e9 Eduardo Belmonte &#8211; RT Features; \u201cO Pastor e o Guerrilheiro\u201d de Jos\u00e9 Eduardo Belmonte &#8211; Mercado Filmes; \u201cDeslembro\u201d de Fl\u00e1via Castro (Indicada ao Pr\u00eamio ABC 2020 de Melhor Dire\u00e7\u00e3o de Arte); \u201cBreve Miragens de Sol\u201d de Eryk Rocha; \u201cAos Nossos Filhos\u201d de Maria de Medeiros; \u201cGabriel e a Montanha\u201d de Fellipe Barbosa; \u201cPendular\u201d de Julia Murat; \u201cCasa Grande\u201d de Fellipe Barbosa ( indicada ao Pr\u00eamio da Academia Brasileira de Cinema 2016 de Melhor Dire\u00e7\u00e3o de Arte\u201d; \u201cAvanti Popolo\u201d de Michael Wahrmann e \u201cAspirantes\u201d de Ives Rosenfeld, dentre outros longas-metragens. Em s\u00e9ries, fez a Dire\u00e7\u00e3o de Arte de \u201cNoturnos\u201d dirigido por Marco Dutra e Caetano Gotardo para o Canal Brasil (Indicada ao Pr\u00eamio ABC 2021 de Melhor Dire\u00e7\u00e3o de Arte) ; das temporadas 2 e 3 da S\u00e9rie \u201cQuest\u00e3o de Fam\u00edlia\u201d dirigida por S\u00e9rgio Rezende para o Canal GNT; das temporadas 3 \u00e0 9 da S\u00e9rie \u201cDetetives do Pr\u00e9dio Azul\u201d dirigida por Andr\u00e9 Pellenz e Vivianne Jundi. De 2015 \u00e0 2021 coordenou e lecionou no curso de Dire\u00e7\u00e3o de Arte na AIC Rio \u2013 Academia Internacional de Cinema RJ e foi do corpo docente da Escola de Cinema Darcy Ribeiro em 2005 e 2006.<\/p>\n<\/div>\n<\/div>\n\n\n\n<div style=\"height:100px\" aria-hidden=\"true\" class=\"wp-block-spacer\"><\/div>\n\n\n\n<div class=\"wp-block-uagb-container uagb-block-6f86a75a alignwide uagb-is-root-container\">\n<div class=\"wp-block-uagb-container uagb-block-0eab5ef0\">\n<figure class=\"wp-block-image size-full has-custom-border\"><img loading=\"lazy\" decoding=\"async\" width=\"580\" height=\"435\" src=\"http:\/\/curtavitoriaaminas.com.br\/iv\/wp-content\/uploads\/Guille-Martins.jpg\" alt=\"\" class=\"wp-image-1392\" style=\"border-radius:10px\" srcset=\"https:\/\/curtavitoriaaminas.com.br\/iv\/wp-content\/uploads\/Guille-Martins.jpg 580w, https:\/\/curtavitoriaaminas.com.br\/iv\/wp-content\/uploads\/Guille-Martins-300x225.jpg 300w\" sizes=\"(max-width: 580px) 100vw, 580px\" \/><\/figure>\n<\/div>\n\n\n\n<div class=\"wp-block-uagb-container uagb-block-cda57662\">\n<div class=\"wp-block-uagb-advanced-heading uagb-block-cabbc79d\"><h2 class=\"uagb-heading-text\"><strong><strong><strong><strong>Guile Martins<\/strong><\/strong><\/strong><\/strong><\/h2><\/div>\n\n\n\n<div class=\"wp-block-uagb-advanced-heading uagb-block-043014ad\"><h3 class=\"uagb-heading-text\"><strong>Som<\/strong><\/h3><\/div>\n\n\n\n<p class=\"has-medium-font-size\">Natural de Campinas, S\u00e3o Paulo, bacharel em Audiovisual pela Escola de Comunica\u00e7\u00f5es e Artes da Universidade de S\u00e3o Paulo (ECA\/USP), Mestre em Arte e Cultura Visual pela Faculdade de Artes Visuais da Universidade Federal de Goi\u00e1s (FAV\/UFG), Guile Martins \u00e9 sound designer e assina o som de diversos longas-metragens do cinema brasileiro, dentre eles os premiados &#8220;Branco Sai, Preto Fica&#8221; (2014), de Adirley Queir\u00f3s, &#8220;Carro Rei&#8221; (2021), de Renata Pinheiro e &#8220;A Queda do C\u00e9u&#8221; (2024), de Eryk Rocha e Gabriela Carneiro da Cunha. Guile \u00e9 pesquisador da mat\u00e9ria sonora e seus cruzamentos com as artes visuais, etnografia, m\u00fasica e audiovisual. Atualmente \u00e9 professor efetivo do Bacharelado em Cinema no Instituto Federal de Goi\u00e1s e doutorando no Programa de P\u00f3s-gradua\u00e7\u00e3o em Arte e Cultura Visual da Faculdade de Artes Visuais da Universidade Federal de Goi\u00e1s.<\/p>\n<\/div>\n<\/div>\n\n\n\n<div style=\"height:100px\" aria-hidden=\"true\" class=\"wp-block-spacer\"><\/div>\n\n\n\n<div class=\"wp-block-uagb-container uagb-block-2c5a7d03 alignwide uagb-is-root-container\">\n<div class=\"wp-block-uagb-container uagb-block-d7c65924\">\n<figure class=\"wp-block-image size-full has-custom-border\"><img loading=\"lazy\" decoding=\"async\" width=\"1024\" height=\"683\" src=\"http:\/\/curtavitoriaaminas.com.br\/iv\/wp-content\/uploads\/alexandre.jpg\" alt=\"\" class=\"wp-image-1381\" style=\"border-radius:10px\" srcset=\"https:\/\/curtavitoriaaminas.com.br\/iv\/wp-content\/uploads\/alexandre.jpg 1024w, https:\/\/curtavitoriaaminas.com.br\/iv\/wp-content\/uploads\/alexandre-300x200.jpg 300w, https:\/\/curtavitoriaaminas.com.br\/iv\/wp-content\/uploads\/alexandre-768x512.jpg 768w\" sizes=\"(max-width: 1024px) 100vw, 1024px\" \/><\/figure>\n<\/div>\n\n\n\n<div class=\"wp-block-uagb-container uagb-block-63c84392\">\n<div class=\"wp-block-uagb-advanced-heading uagb-block-8f8da387\"><h2 class=\"uagb-heading-text\"><strong><strong><strong>Alexandre Guerreiro<\/strong><\/strong><\/strong><\/h2><\/div>\n\n\n\n<div class=\"wp-block-uagb-advanced-heading uagb-block-f13f08ab\"><h3 class=\"uagb-heading-text\"><strong>Produ\u00e7\u00e3o<\/strong><\/h3><\/div>\n\n\n\n<p class=\"has-medium-font-size\">Professor Adjunto de Direitos Humanos, Inclus\u00e3o e Educa\u00e7\u00e3o da UERJ\/FFP. Professor permanente na Linha Pol\u00edticas, Direitos e Desigualdades do Programa de P\u00f3s-Gradua\u00e7\u00e3o em Educa\u00e7\u00e3o &#8211; Processos Formativos e Desigualdades Sociais \/ PPGEDU\/FFP\/UERJ. Doutor em Comunica\u00e7\u00e3o pelo PPGCOM\/UFF, com p\u00f3s-doutorado em Educa\u00e7\u00e3o pela FE\/UFRJ, no qual desenvolveu a pesquisa Cinema Afirmativo: alteridade, educa\u00e7\u00e3o e direitos humanos. Mestre em Comunica\u00e7\u00e3o pelo PPGCOM\/UFF. Bacharel e Licenciado em Hist\u00f3ria pela UERJ e Bacharel em Comunica\u00e7\u00e3o Social (Cinema) pela UFF. Integra o grupo de pesquisa Quadro a Quadro: projetando ideias, refletindo imagens, da UFRB. Coordena o Fade In Grupo de Estudos das Formas Audiovisuais, Diversidade, Educa\u00e7\u00e3o e Inclus\u00e3o. Produtor de mostras e festivais e de obras audiovisuais. Atuou, por mais de 20 anos, como professor de Hist\u00f3ria e Filosofia na SEEDUC\/RJ.<\/p>\n<\/div>\n<\/div>\n\n\n\n<div style=\"height:100px\" aria-hidden=\"true\" class=\"wp-block-spacer\"><\/div>\n\n\n\n<div class=\"wp-block-uagb-container uagb-block-7297cc6d alignwide uagb-is-root-container\">\n<div class=\"wp-block-uagb-container uagb-block-e81a8d9b\">\n<figure class=\"wp-block-image size-full has-custom-border\"><img loading=\"lazy\" decoding=\"async\" width=\"580\" height=\"435\" src=\"http:\/\/curtavitoriaaminas.com.br\/iv\/wp-content\/uploads\/tomas-camargo.jpeg\" alt=\"\" class=\"wp-image-1387\" style=\"border-radius:10px\" srcset=\"https:\/\/curtavitoriaaminas.com.br\/iv\/wp-content\/uploads\/tomas-camargo.jpeg 580w, https:\/\/curtavitoriaaminas.com.br\/iv\/wp-content\/uploads\/tomas-camargo-300x225.jpeg 300w\" sizes=\"(max-width: 580px) 100vw, 580px\" \/><\/figure>\n<\/div>\n\n\n\n<div class=\"wp-block-uagb-container uagb-block-ad80528b\">\n<div class=\"wp-block-uagb-advanced-heading uagb-block-e60524de\"><h2 class=\"uagb-heading-text\"><strong><strong><strong><strong>Tom\u00e1s Camargo<\/strong><\/strong><\/strong><\/strong><\/h2><\/div>\n\n\n\n<div class=\"wp-block-uagb-advanced-heading uagb-block-9e8a6a0a\"><h3 class=\"uagb-heading-text\"><strong><strong>Fotografia<\/strong><\/strong><\/h3><\/div>\n\n\n\n<p class=\"has-medium-font-size\">Formado na Escola de Cinema Darcy Ribeiro, iniciou a carreira como assistente de montagem, em seguida passou para equipe de c\u00e2mera. Atua desde 2010 no mercado como assistente de c\u00e2mera, \u00e9 membro da APACERJ como foquista, acumulou experi\u00eancias em mais de 20 longas-metragens e s\u00e9ries. Paralelamente realiza projetos autorais tanto de cinema quanto de fotografia documental. Foi contemplado pelo Ita\u00fa Cultural com o curta-metragem \u201c8 minutos e 18 segundos\u201d. Fotografou os curtas-metragens \u201cCartas pela Paz\u201d, \u201cDa Horta ao Horto\u201d, entre outros; e o DVD \u201cM\u00fasicas para Saudar Jorge Amado\u201d. Operou c\u00e2mera no longa-metragem \u201c4 Meninas\u201d (finalizando), e nos programas de TV: \u201cBela Cozinha\u201d, \u201cTempero de Fam\u00edlia\u201d, \u201cSuper Bonita\u201d, \u201cOs \u00cdmpares\u201d e no curta \u201cBR3\u201d.<\/p>\n<\/div>\n<\/div>\n\n\n\n<div style=\"height:100px\" aria-hidden=\"true\" class=\"wp-block-spacer\"><\/div>\n\n\n\n<div class=\"wp-block-uagb-container uagb-block-b9401a60 alignwide uagb-is-root-container\">\n<div class=\"wp-block-uagb-container uagb-block-a567c54e\">\n<figure class=\"wp-block-image size-full has-custom-border\"><img loading=\"lazy\" decoding=\"async\" width=\"580\" height=\"435\" src=\"http:\/\/curtavitoriaaminas.com.br\/iv\/wp-content\/uploads\/cintya.jpg\" alt=\"\" class=\"wp-image-1395\" style=\"border-radius:10px\" srcset=\"https:\/\/curtavitoriaaminas.com.br\/iv\/wp-content\/uploads\/cintya.jpg 580w, https:\/\/curtavitoriaaminas.com.br\/iv\/wp-content\/uploads\/cintya-300x225.jpg 300w\" sizes=\"(max-width: 580px) 100vw, 580px\" \/><\/figure>\n<\/div>\n\n\n\n<div class=\"wp-block-uagb-container uagb-block-18d54bd2\">\n<div class=\"wp-block-uagb-advanced-heading uagb-block-f5dbd4fd\"><h2 class=\"uagb-heading-text\"><strong><strong><strong><strong><strong><strong>Cintya Ferreira<\/strong><\/strong><\/strong><\/strong><\/strong><\/strong><\/h2><\/div>\n\n\n\n<div class=\"wp-block-uagb-advanced-heading uagb-block-de650289\"><h3 class=\"uagb-heading-text\"><strong><strong><strong>Cinema Manual<\/strong><\/strong><\/strong><\/h3><\/div>\n\n\n\n<p class=\"has-medium-font-size\">De S\u00e3o Gon\u00e7alo, no Rio de Janeiro, \u00e9 bacharel em Cinema e Audiovisual pela UFF e Mestra pelo PPGCine-UFF com uma disserta\u00e7\u00e3o que foca na trajet\u00f3ria do diretor e ator negro Z\u00f3zimo Bulbul no contexto hist\u00f3rico da ditadura civil-militar no Brasil. Tamb\u00e9m participa como uma das organizadoras da Enciclop\u00e9dia \u201cCinemas em Confronto: curtas e m\u00e9dias-metragens em resposta \u00e0 ditadura militar brasileira\u201d. Comp\u00f5e o Laborat\u00f3rio de Experimenta\u00e7\u00e3o com Imagem e Som (Kum\u00e3) desde 2020 e j\u00e1 coordenou diversos grupos de cinema com professores da rede b\u00e1sica. Trabalha no campo de cinema e educa\u00e7\u00e3o como oficineira nos projetos Cine Quilombola e Cinema de Gri\u00f4 (IMA) que prop\u00f5em oficinas e a realiza\u00e7\u00e3o de filmes em comunidades quilombolas do Esp\u00edrito Santo. J\u00e1 trabalhou em oficinas<\/p>\n<\/div>\n<\/div>\n\n\n\n<div style=\"height:100px\" aria-hidden=\"true\" class=\"wp-block-spacer\"><\/div>\n\n\n\n<div class=\"wp-block-uagb-container uagb-block-f9da91e2 alignwide uagb-is-root-container\">\n<div class=\"wp-block-uagb-container uagb-block-a17fae4f\">\n<figure class=\"wp-block-image size-full has-custom-border\"><img loading=\"lazy\" decoding=\"async\" width=\"580\" height=\"435\" src=\"http:\/\/curtavitoriaaminas.com.br\/iv\/wp-content\/uploads\/mariana.jpg\" alt=\"\" class=\"wp-image-1400\" style=\"border-radius:10px\" srcset=\"https:\/\/curtavitoriaaminas.com.br\/iv\/wp-content\/uploads\/mariana.jpg 580w, https:\/\/curtavitoriaaminas.com.br\/iv\/wp-content\/uploads\/mariana-300x225.jpg 300w\" sizes=\"(max-width: 580px) 100vw, 580px\" \/><\/figure>\n<\/div>\n\n\n\n<div class=\"wp-block-uagb-container uagb-block-602ce1eb\">\n<div class=\"wp-block-uagb-advanced-heading uagb-block-9de8e77e\"><h2 class=\"uagb-heading-text\"><strong><strong><strong><strong><strong>Mariana de Lima<\/strong><\/strong><\/strong><\/strong><\/strong><\/h2><\/div>\n\n\n\n<div class=\"wp-block-uagb-advanced-heading uagb-block-824522ea\"><h3 class=\"uagb-heading-text\"><strong><strong><strong>Cinema Manual<\/strong><\/strong><\/strong><\/h3><\/div>\n\n\n\n<p class=\"has-medium-font-size\">Goiana, mestranda no PPGCine-UFF, onde integra o Laborat\u00f3rio Kum\u00e3. Pesquisa rela\u00e7\u00f5es entre cinema e territ\u00f3rio. J\u00e1 trabalhou com cr\u00edtica, curadoria e fotografia. Atua como oficineira nos projetos Cine Quilombola e Cinema de Gri\u00f4 do Instituto Marlin Azul. Integra a Associa\u00e7\u00e3o Mulheres Coralinas, na cidade de Goi\u00e1s. Edita, escreve e faz cartazes.<\/p>\n<\/div>\n<\/div>\n\n\n\n<p><\/p>\n","protected":false},"excerpt":{"rendered":"<p>De 23 de novembro a 7 de dezembro acontece, em Vit\u00f3ria\/ES, o ciclo de oficinas audiovisuais com profissionais do cinema que orientam os participantes desta edi\u00e7\u00e3o. Professores Beth Formaggini Roteiro e dire\u00e7\u00e3o para document\u00e1rio Documentarista, produtora e pesquisadora audiovisual. Historiadora pela Universidade Federal Fluminense, fez especializa\u00e7\u00e3o em \u201cDocument\u00e1rio e Pesquisa Audiovisual\u201d, na Universidade de Roma. [&hellip;]<\/p>\n","protected":false},"author":1,"featured_media":0,"parent":0,"menu_order":0,"comment_status":"closed","ping_status":"closed","template":"","meta":{"_acf_changed":false,"_uag_custom_page_level_css":"","ngg_post_thumbnail":0,"footnotes":""},"class_list":["post-1371","page","type-page","status-publish","hentry"],"acf":[],"aioseo_notices":[],"uagb_featured_image_src":{"full":false,"thumbnail":false,"medium":false,"medium_large":false,"large":false,"1536x1536":false,"2048x2048":false},"uagb_author_info":{"display_name":"cvmiv_donadosite","author_link":"https:\/\/curtavitoriaaminas.com.br\/iv\/author\/cvmiv_donadosite\/"},"uagb_comment_info":0,"uagb_excerpt":"De 23 de novembro a 7 de dezembro acontece, em Vit\u00f3ria\/ES, o ciclo de oficinas audiovisuais com profissionais do cinema que orientam os participantes desta edi\u00e7\u00e3o. Professores Beth Formaggini Roteiro e dire\u00e7\u00e3o para document\u00e1rio Documentarista, produtora e pesquisadora audiovisual. Historiadora pela Universidade Federal Fluminense, fez especializa\u00e7\u00e3o em \u201cDocument\u00e1rio e Pesquisa Audiovisual\u201d, na Universidade de Roma.&hellip;","_links":{"self":[{"href":"https:\/\/curtavitoriaaminas.com.br\/iv\/wp-json\/wp\/v2\/pages\/1371","targetHints":{"allow":["GET"]}}],"collection":[{"href":"https:\/\/curtavitoriaaminas.com.br\/iv\/wp-json\/wp\/v2\/pages"}],"about":[{"href":"https:\/\/curtavitoriaaminas.com.br\/iv\/wp-json\/wp\/v2\/types\/page"}],"author":[{"embeddable":true,"href":"https:\/\/curtavitoriaaminas.com.br\/iv\/wp-json\/wp\/v2\/users\/1"}],"replies":[{"embeddable":true,"href":"https:\/\/curtavitoriaaminas.com.br\/iv\/wp-json\/wp\/v2\/comments?post=1371"}],"version-history":[{"count":32,"href":"https:\/\/curtavitoriaaminas.com.br\/iv\/wp-json\/wp\/v2\/pages\/1371\/revisions"}],"predecessor-version":[{"id":2058,"href":"https:\/\/curtavitoriaaminas.com.br\/iv\/wp-json\/wp\/v2\/pages\/1371\/revisions\/2058"}],"wp:attachment":[{"href":"https:\/\/curtavitoriaaminas.com.br\/iv\/wp-json\/wp\/v2\/media?parent=1371"}],"curies":[{"name":"wp","href":"https:\/\/api.w.org\/{rel}","templated":true}]}}